{"id":9076,"date":"2024-10-29T15:12:33","date_gmt":"2024-10-29T15:12:33","guid":{"rendered":"https:\/\/kindalbaniastore.com\/?post_type=product&#038;p=9076"},"modified":"2024-10-29T15:12:33","modified_gmt":"2024-10-29T15:12:33","slug":"lares-vajor-per-fytyren","status":"publish","type":"product","link":"https:\/\/kindalbaniastore.com\/index.php\/product\/lares-vajor-per-fytyren\/","title":{"rendered":"Lares vajor per fytyren"},"content":{"rendered":"<p>Lar\u00ebs vajor  i but\u00eb p\u00ebr pastrimin e p\u00ebrditsh\u00ebm t\u00eb fytyr\u00ebs. Delikat, p\u00ebrshtatet edhe p\u00ebr l\u00ebkura t\u00eb ndjeshme. Uji i mjaltit, hidrosoli i kamomilit &amp; vitaminat E, B5 kan\u00eb efekte ushqyese, zbut\u00ebse e hidratuese. Nuk p\u00ebrmban SLES dhe SLS. Ka pH neutral q\u00eb respekton balanc\u00ebn natyrale t\u00eb l\u00ebkur\u00ebs. Siguron nj\u00eb pastrim t\u00eb thell\u00eb t\u00eb poreve, largon yndyr\u00ebn e tep\u00ebrt dhe bakteret e bllokuara n\u00eb l\u00ebkur\u00eb.<\/p>\n","protected":false},"excerpt":{"rendered":"<p>Lar\u00ebs vajor i but\u00eb p\u00ebr pastrimin e p\u00ebrditsh\u00ebm t\u00eb fytyr\u00ebs. Delikat, p\u00ebrshtatet edhe p\u00ebr l\u00ebkura t\u00eb ndjeshme. Uji i mjaltit, hidrosoli i kamomilit &amp; vitaminat E, B5 kan\u00eb efekte ushqyese, zbut\u00ebse e hidratuese. Nuk p\u00ebrmban SLES dhe SLS. Ka pH neutral q\u00eb respekton balanc\u00ebn natyrale t\u00eb l\u00ebkur\u00ebs. Siguron nj\u00eb pastrim t\u00eb thell\u00eb t\u00eb poreve, largon &hellip; <a href=\"https:\/\/kindalbaniastore.com\/index.php\/product\/lares-vajor-per-fytyren\/\" class=\"more-link\">Continue reading <span class=\"screen-reader-text\">Lares vajor per fytyren<\/span><\/a><\/p>\n","protected":false},"featured_media":9082,"comment_status":"open","ping_status":"closed","template":"","meta":{"_joinchat":[]},"product_cat":[62,59],"product_tag":[],"class_list":["post-9076","product","type-product","status-publish","has-post-thumbnail","hentry","product_cat-estetik","product_cat-kozmetik"],"_links":{"self":[{"href":"https:\/\/kindalbaniastore.com\/index.php\/wp-json\/wp\/v2\/product\/9076","targetHints":{"allow":["GET"]}}],"collection":[{"href":"https:\/\/kindalbaniastore.com\/index.php\/wp-json\/wp\/v2\/product"}],"about":[{"href":"https:\/\/kindalbaniastore.com\/index.php\/wp-json\/wp\/v2\/types\/product"}],"replies":[{"embeddable":true,"href":"https:\/\/kindalbaniastore.com\/index.php\/wp-json\/wp\/v2\/comments?post=9076"}],"version-history":[{"count":1,"href":"https:\/\/kindalbaniastore.com\/index.php\/wp-json\/wp\/v2\/product\/9076\/revisions"}],"predecessor-version":[{"id":9084,"href":"https:\/\/kindalbaniastore.com\/index.php\/wp-json\/wp\/v2\/product\/9076\/revisions\/9084"}],"wp:featuredmedia":[{"embeddable":true,"href":"https:\/\/kindalbaniastore.com\/index.php\/wp-json\/wp\/v2\/media\/9082"}],"wp:attachment":[{"href":"https:\/\/kindalbaniastore.com\/index.php\/wp-json\/wp\/v2\/media?parent=9076"}],"wp:term":[{"taxonomy":"product_cat","embeddable":true,"href":"https:\/\/kindalbaniastore.com\/index.php\/wp-json\/wp\/v2\/product_cat?post=9076"},{"taxonomy":"product_tag","embeddable":true,"href":"https:\/\/kindalbaniastore.com\/index.php\/wp-json\/wp\/v2\/product_tag?post=9076"}],"curies":[{"name":"wp","href":"https:\/\/api.w.org\/{rel}","templated":true}]}}