{"id":9088,"date":"2024-11-11T15:09:31","date_gmt":"2024-11-11T15:09:31","guid":{"rendered":"https:\/\/kindalbaniastore.com\/?post_type=product&#038;p=9088"},"modified":"2024-11-11T15:09:56","modified_gmt":"2024-11-11T15:09:56","slug":"ibrik-termus","status":"publish","type":"product","link":"https:\/\/kindalbaniastore.com\/index.php\/product\/ibrik-termus\/","title":{"rendered":"Ibrik termus"},"content":{"rendered":"<p>Ky ibrik elektrik p\u00ebrmban nj\u00eb dizajn elegant, modern me nj\u00eb trup prej \u00e7eliku inox dhe nj\u00eb dorez\u00eb t\u00eb rehatshme p\u00ebr derdhje t\u00eb leht\u00eb\ud83d\udc8e<br \/>\n. Me nj\u00eb element t\u00eb fuqish\u00ebm ngroh\u00ebs, ai vlon shpejt ujin p\u00ebr \u00e7aj, kafe ose vakte t\u00eb menj\u00ebhershme. \ud83d\udc8e<br \/>\nKy Ibrik  p\u00ebrfshin nj\u00eb mbyllje automatike dhe mbrojtje ndaj tharjes p\u00ebr siguri.\ud83d\udc8e<br \/>\n Treguesi i tij i past\u00ebr i nivelit t\u00eb ujit e b\u00ebn t\u00eb leht\u00eb matjen, nd\u00ebrsa dizajni pa kabllo lejon p\u00ebrdorim dhe ruajtje t\u00eb p\u00ebrshtatshme.\ud83d\udc8e<br \/>\n E p\u00ebrkryer p\u00ebr \u00e7do kuzhin\u00eb, kombinon efikasitetin me stilin.\ud83d\udc8e<\/p>\n","protected":false},"excerpt":{"rendered":"<p>Ky ibrik elektrik p\u00ebrmban nj\u00eb dizajn elegant, modern me nj\u00eb trup prej \u00e7eliku inox dhe nj\u00eb dorez\u00eb t\u00eb rehatshme p\u00ebr derdhje t\u00eb leht\u00eb\ud83d\udc8e . Me nj\u00eb element t\u00eb fuqish\u00ebm ngroh\u00ebs, ai vlon shpejt ujin p\u00ebr \u00e7aj, kafe ose vakte t\u00eb menj\u00ebhershme. \ud83d\udc8e Ky Ibrik p\u00ebrfshin nj\u00eb mbyllje automatike dhe mbrojtje ndaj tharjes p\u00ebr siguri.\ud83d\udc8e Treguesi &hellip; <a href=\"https:\/\/kindalbaniastore.com\/index.php\/product\/ibrik-termus\/\" class=\"more-link\">Continue reading <span class=\"screen-reader-text\">Ibrik termus<\/span><\/a><\/p>\n","protected":false},"featured_media":9089,"comment_status":"open","ping_status":"closed","template":"","meta":{"_joinchat":[]},"product_cat":[225],"product_tag":[],"class_list":["post-9088","product","type-product","status-publish","has-post-thumbnail","hentry","product_cat-ene-kuzhine"],"_links":{"self":[{"href":"https:\/\/kindalbaniastore.com\/index.php\/wp-json\/wp\/v2\/product\/9088","targetHints":{"allow":["GET"]}}],"collection":[{"href":"https:\/\/kindalbaniastore.com\/index.php\/wp-json\/wp\/v2\/product"}],"about":[{"href":"https:\/\/kindalbaniastore.com\/index.php\/wp-json\/wp\/v2\/types\/product"}],"replies":[{"embeddable":true,"href":"https:\/\/kindalbaniastore.com\/index.php\/wp-json\/wp\/v2\/comments?post=9088"}],"version-history":[{"count":1,"href":"https:\/\/kindalbaniastore.com\/index.php\/wp-json\/wp\/v2\/product\/9088\/revisions"}],"predecessor-version":[{"id":9095,"href":"https:\/\/kindalbaniastore.com\/index.php\/wp-json\/wp\/v2\/product\/9088\/revisions\/9095"}],"wp:featuredmedia":[{"embeddable":true,"href":"https:\/\/kindalbaniastore.com\/index.php\/wp-json\/wp\/v2\/media\/9089"}],"wp:attachment":[{"href":"https:\/\/kindalbaniastore.com\/index.php\/wp-json\/wp\/v2\/media?parent=9088"}],"wp:term":[{"taxonomy":"product_cat","embeddable":true,"href":"https:\/\/kindalbaniastore.com\/index.php\/wp-json\/wp\/v2\/product_cat?post=9088"},{"taxonomy":"product_tag","embeddable":true,"href":"https:\/\/kindalbaniastore.com\/index.php\/wp-json\/wp\/v2\/product_tag?post=9088"}],"curies":[{"name":"wp","href":"https:\/\/api.w.org\/{rel}","templated":true}]}}