{"id":9096,"date":"2024-11-14T14:36:31","date_gmt":"2024-11-14T14:36:31","guid":{"rendered":"https:\/\/kindalbaniastore.com\/?post_type=product&#038;p=9096"},"modified":"2024-11-14T14:37:04","modified_gmt":"2024-11-14T14:37:04","slug":"pupa-organizuese","status":"publish","type":"product","link":"https:\/\/kindalbaniastore.com\/index.php\/product\/pupa-organizuese\/","title":{"rendered":"Pupa organizuese"},"content":{"rendered":"<p>Pupat organizuese jan\u00eb nj\u00eb zgjedhje e shk\u00eblqyer p\u00ebr t\u00eb shtuar rend dhe organizim n\u00eb sht\u00ebpin\u00eb tuaj. Me dizajnin e tyre t\u00eb thjesht\u00eb dhe funksionalitetin, ato mund t\u00eb sh\u00ebrbejn\u00eb si pik\u00eb referimi n\u00eb dhomat tuaja dhe si hap\u00ebsira p\u00ebr t\u00eb mbajtur sende t\u00eb ndryshme. Pupat si &#8220;Sweden&#8221; ofrojn\u00eb nj\u00eb kombinim t\u00eb mir\u00eb t\u00eb materialit dhe stilit, duke sjell\u00eb nj\u00eb prekje moderne dhe t\u00eb organizuar n\u00eb ambientet tuaja. P\u00ebrmasat e pup\u00ebs jan\u00eb  t\u00eb p\u00ebrshtatshme p\u00ebr t\u00eb mbajtur dhe organizuar objekte t\u00eb ndryshme n\u00eb sht\u00ebpi ose n\u00eb ambiente t\u00eb tjer\u00eb.<\/p>\n","protected":false},"excerpt":{"rendered":"<p>Pupat organizuese jan\u00eb nj\u00eb zgjedhje e shk\u00eblqyer p\u00ebr t\u00eb shtuar rend dhe organizim n\u00eb sht\u00ebpin\u00eb tuaj. Me dizajnin e tyre t\u00eb thjesht\u00eb dhe funksionalitetin, ato mund t\u00eb sh\u00ebrbejn\u00eb si pik\u00eb referimi n\u00eb dhomat tuaja dhe si hap\u00ebsira p\u00ebr t\u00eb mbajtur sende t\u00eb ndryshme. Pupat si &#8220;Sweden&#8221; ofrojn\u00eb nj\u00eb kombinim t\u00eb mir\u00eb t\u00eb materialit dhe stilit, &hellip; <a href=\"https:\/\/kindalbaniastore.com\/index.php\/product\/pupa-organizuese\/\" class=\"more-link\">Continue reading <span class=\"screen-reader-text\">Pupa organizuese<\/span><\/a><\/p>\n","protected":false},"featured_media":9107,"comment_status":"open","ping_status":"closed","template":"","meta":{"_joinchat":[]},"product_cat":[66],"product_tag":[],"class_list":["post-9096","product","type-product","status-publish","has-post-thumbnail","hentry","product_cat-produkte-per-shtepi"],"_links":{"self":[{"href":"https:\/\/kindalbaniastore.com\/index.php\/wp-json\/wp\/v2\/product\/9096","targetHints":{"allow":["GET"]}}],"collection":[{"href":"https:\/\/kindalbaniastore.com\/index.php\/wp-json\/wp\/v2\/product"}],"about":[{"href":"https:\/\/kindalbaniastore.com\/index.php\/wp-json\/wp\/v2\/types\/product"}],"replies":[{"embeddable":true,"href":"https:\/\/kindalbaniastore.com\/index.php\/wp-json\/wp\/v2\/comments?post=9096"}],"version-history":[{"count":1,"href":"https:\/\/kindalbaniastore.com\/index.php\/wp-json\/wp\/v2\/product\/9096\/revisions"}],"predecessor-version":[{"id":9108,"href":"https:\/\/kindalbaniastore.com\/index.php\/wp-json\/wp\/v2\/product\/9096\/revisions\/9108"}],"wp:featuredmedia":[{"embeddable":true,"href":"https:\/\/kindalbaniastore.com\/index.php\/wp-json\/wp\/v2\/media\/9107"}],"wp:attachment":[{"href":"https:\/\/kindalbaniastore.com\/index.php\/wp-json\/wp\/v2\/media?parent=9096"}],"wp:term":[{"taxonomy":"product_cat","embeddable":true,"href":"https:\/\/kindalbaniastore.com\/index.php\/wp-json\/wp\/v2\/product_cat?post=9096"},{"taxonomy":"product_tag","embeddable":true,"href":"https:\/\/kindalbaniastore.com\/index.php\/wp-json\/wp\/v2\/product_tag?post=9096"}],"curies":[{"name":"wp","href":"https:\/\/api.w.org\/{rel}","templated":true}]}}