{"id":9127,"date":"2024-11-14T14:59:55","date_gmt":"2024-11-14T14:59:55","guid":{"rendered":"https:\/\/kindalbaniastore.com\/?post_type=product&#038;p=9127"},"modified":"2024-11-14T15:00:29","modified_gmt":"2024-11-14T15:00:29","slug":"forma-per-donuts","status":"publish","type":"product","link":"https:\/\/kindalbaniastore.com\/index.php\/product\/forma-per-donuts\/","title":{"rendered":"Forma per donuts"},"content":{"rendered":"<p>Forma p\u00ebr donuts mini jan\u00eb t\u00eb nd\u00ebrtuara nga materiale t\u00eb q\u00ebndrueshme dhe t\u00eb sigurt p\u00ebr ushqimin. Kjo siguron q\u00eb donuts t\u00eb mbajn\u00eb form\u00ebn e duhur dhe t\u00eb ken\u00eb nj\u00eb pamje t\u00eb bukur. Materiali \u00ebsht\u00eb i leht\u00eb p\u00ebr t\u2019u pastruar dhe nuk ndikon n\u00eb shijen e donuts.<\/p>\n<p>P\u00ebrdorimi i k\u00ebtyre formave \u00ebsht\u00eb shum\u00eb i leht\u00eb. Ju thjesht duhet t\u00eb derdhni brumin n\u00eb form\u00eb dhe ta vendosni n\u00eb furr\u00eb. Me ndihm\u00ebn e tyre, do t\u00eb krijoni donuts t\u00eb vegj\u00ebl, t\u00eb p\u00ebrsosur p\u00ebr \u00e7do rast. K\u00ebto forma jan\u00eb t\u00eb shk\u00eblqyera p\u00ebr festa, ngjarje speciale, ose thjesht p\u00ebr t\u00eb k\u00ebnaqur veten dhe familjen.<\/p>\n","protected":false},"excerpt":{"rendered":"<p>Forma p\u00ebr donuts mini jan\u00eb t\u00eb nd\u00ebrtuara nga materiale t\u00eb q\u00ebndrueshme dhe t\u00eb sigurt p\u00ebr ushqimin. Kjo siguron q\u00eb donuts t\u00eb mbajn\u00eb form\u00ebn e duhur dhe t\u00eb ken\u00eb nj\u00eb pamje t\u00eb bukur. Materiali \u00ebsht\u00eb i leht\u00eb p\u00ebr t\u2019u pastruar dhe nuk ndikon n\u00eb shijen e donuts. P\u00ebrdorimi i k\u00ebtyre formave \u00ebsht\u00eb shum\u00eb i leht\u00eb. Ju &hellip; <a href=\"https:\/\/kindalbaniastore.com\/index.php\/product\/forma-per-donuts\/\" class=\"more-link\">Continue reading <span class=\"screen-reader-text\">Forma per donuts<\/span><\/a><\/p>\n","protected":false},"featured_media":9131,"comment_status":"open","ping_status":"closed","template":"","meta":{"_joinchat":[]},"product_cat":[225,66],"product_tag":[],"class_list":["post-9127","product","type-product","status-publish","has-post-thumbnail","hentry","product_cat-ene-kuzhine","product_cat-produkte-per-shtepi"],"_links":{"self":[{"href":"https:\/\/kindalbaniastore.com\/index.php\/wp-json\/wp\/v2\/product\/9127","targetHints":{"allow":["GET"]}}],"collection":[{"href":"https:\/\/kindalbaniastore.com\/index.php\/wp-json\/wp\/v2\/product"}],"about":[{"href":"https:\/\/kindalbaniastore.com\/index.php\/wp-json\/wp\/v2\/types\/product"}],"replies":[{"embeddable":true,"href":"https:\/\/kindalbaniastore.com\/index.php\/wp-json\/wp\/v2\/comments?post=9127"}],"version-history":[{"count":1,"href":"https:\/\/kindalbaniastore.com\/index.php\/wp-json\/wp\/v2\/product\/9127\/revisions"}],"predecessor-version":[{"id":9133,"href":"https:\/\/kindalbaniastore.com\/index.php\/wp-json\/wp\/v2\/product\/9127\/revisions\/9133"}],"wp:featuredmedia":[{"embeddable":true,"href":"https:\/\/kindalbaniastore.com\/index.php\/wp-json\/wp\/v2\/media\/9131"}],"wp:attachment":[{"href":"https:\/\/kindalbaniastore.com\/index.php\/wp-json\/wp\/v2\/media?parent=9127"}],"wp:term":[{"taxonomy":"product_cat","embeddable":true,"href":"https:\/\/kindalbaniastore.com\/index.php\/wp-json\/wp\/v2\/product_cat?post=9127"},{"taxonomy":"product_tag","embeddable":true,"href":"https:\/\/kindalbaniastore.com\/index.php\/wp-json\/wp\/v2\/product_tag?post=9127"}],"curies":[{"name":"wp","href":"https:\/\/api.w.org\/{rel}","templated":true}]}}