{"id":9356,"date":"2025-01-09T16:07:41","date_gmt":"2025-01-09T16:07:41","guid":{"rendered":"https:\/\/kindalbaniastore.com\/?post_type=product&#038;p=9356"},"modified":"2025-01-09T16:07:44","modified_gmt":"2025-01-09T16:07:44","slug":"set-derrase-per-prerjen-e-zarzavateve-ose-produkteve-te-tjera-ushqimore","status":"publish","type":"product","link":"https:\/\/kindalbaniastore.com\/index.php\/product\/set-derrase-per-prerjen-e-zarzavateve-ose-produkteve-te-tjera-ushqimore\/","title":{"rendered":"Set derrase per prerjen e zarzavateve ose produkteve te tjera ushqimore"},"content":{"rendered":"<p>D\u00ebrrasa e prerjes e b\u00ebr\u00eb nga bambu n\u00eb mbajt\u00ebsen Konighoffer ju lejojn\u00eb t\u00eb trajtoni veten me higjien\u00ebn maksimale kur p\u00ebrgatitni vaktet (secila d\u00ebrras\u00eb p\u00ebr nj\u00eb grup produktesh t\u00eb ndryshme). Fal\u00eb tyre do t\u00eb p\u00ebrmir\u00ebsoni pun\u00ebn n\u00eb kuzhin\u00eb. I gjith\u00eb kompleti duket i shk\u00eblqyesh\u00ebm dhe do t\u00eb funksionoj\u00eb si dhurat\u00eb. E b\u00ebr\u00eb nga druri bambuje, mund t\u00eb jeni t\u00eb sigurt se \u00ebsht\u00eb nj\u00eb produkt i q\u00ebndruesh\u00ebm dhe ekologjik. \u00c7do d\u00ebrras\u00eb \u00ebsht\u00eb projektuar p\u00ebr nj\u00eb grup specifik produktesh, si\u00e7 tregohet nga etiketat, skedat prej druri, me to mund ta trajtoni veten me higjien\u00ebn maksimale kur p\u00ebrgatitni vaktet. Kat\u00ebr d\u00ebrrasa me brazda q\u00eb kullojn\u00eb ujin ose l\u00ebngun do t&#8217;ju lejojn\u00eb t\u00eb shpejtoni pun\u00ebn n\u00eb kuzhin\u00eb, k\u00ebshtu q\u00eb do t\u00eb p\u00ebrmir\u00ebsoni p\u00ebrgatitjen e pjatave nga perimet, mishi, djathi dhe peshku. Dizajni i kompletit (nj\u00eb kuti estetike me nj\u00eb vend p\u00ebr t\u00eb futur \u00e7do d\u00ebrras\u00eb) dhe prej druri bambuje e b\u00ebjn\u00eb at\u00eb t\u00eb duket shk\u00eblqyesh\u00ebm dhe mund ta p\u00ebrdorni si nj\u00eb dhurat\u00eb praktike.<\/p>\n","protected":false},"excerpt":{"rendered":"<p>D\u00ebrrasa e prerjes e b\u00ebr\u00eb nga bambu n\u00eb mbajt\u00ebsen Konighoffer ju lejojn\u00eb t\u00eb trajtoni veten me higjien\u00ebn maksimale kur p\u00ebrgatitni vaktet (secila d\u00ebrras\u00eb p\u00ebr nj\u00eb grup produktesh t\u00eb ndryshme). Fal\u00eb tyre do t\u00eb p\u00ebrmir\u00ebsoni pun\u00ebn n\u00eb kuzhin\u00eb. I gjith\u00eb kompleti duket i shk\u00eblqyesh\u00ebm dhe do t\u00eb funksionoj\u00eb si dhurat\u00eb. E b\u00ebr\u00eb nga druri bambuje, mund &hellip; <a href=\"https:\/\/kindalbaniastore.com\/index.php\/product\/set-derrase-per-prerjen-e-zarzavateve-ose-produkteve-te-tjera-ushqimore\/\" class=\"more-link\">Continue reading <span class=\"screen-reader-text\">Set derrase per prerjen e zarzavateve ose produkteve te tjera ushqimore<\/span><\/a><\/p>\n","protected":false},"featured_media":9361,"comment_status":"open","ping_status":"closed","template":"","meta":{"_joinchat":[]},"product_cat":[225,66],"product_tag":[],"class_list":["post-9356","product","type-product","status-publish","has-post-thumbnail","hentry","product_cat-ene-kuzhine","product_cat-produkte-per-shtepi"],"_links":{"self":[{"href":"https:\/\/kindalbaniastore.com\/index.php\/wp-json\/wp\/v2\/product\/9356","targetHints":{"allow":["GET"]}}],"collection":[{"href":"https:\/\/kindalbaniastore.com\/index.php\/wp-json\/wp\/v2\/product"}],"about":[{"href":"https:\/\/kindalbaniastore.com\/index.php\/wp-json\/wp\/v2\/types\/product"}],"replies":[{"embeddable":true,"href":"https:\/\/kindalbaniastore.com\/index.php\/wp-json\/wp\/v2\/comments?post=9356"}],"version-history":[{"count":1,"href":"https:\/\/kindalbaniastore.com\/index.php\/wp-json\/wp\/v2\/product\/9356\/revisions"}],"predecessor-version":[{"id":9365,"href":"https:\/\/kindalbaniastore.com\/index.php\/wp-json\/wp\/v2\/product\/9356\/revisions\/9365"}],"wp:featuredmedia":[{"embeddable":true,"href":"https:\/\/kindalbaniastore.com\/index.php\/wp-json\/wp\/v2\/media\/9361"}],"wp:attachment":[{"href":"https:\/\/kindalbaniastore.com\/index.php\/wp-json\/wp\/v2\/media?parent=9356"}],"wp:term":[{"taxonomy":"product_cat","embeddable":true,"href":"https:\/\/kindalbaniastore.com\/index.php\/wp-json\/wp\/v2\/product_cat?post=9356"},{"taxonomy":"product_tag","embeddable":true,"href":"https:\/\/kindalbaniastore.com\/index.php\/wp-json\/wp\/v2\/product_tag?post=9356"}],"curies":[{"name":"wp","href":"https:\/\/api.w.org\/{rel}","templated":true}]}}