{"id":9373,"date":"2025-01-09T16:19:05","date_gmt":"2025-01-09T16:19:05","guid":{"rendered":"https:\/\/kindalbaniastore.com\/?post_type=product&#038;p=9373"},"modified":"2025-01-09T16:19:08","modified_gmt":"2025-01-09T16:19:08","slug":"pjate-druri-per-pica-ose-antipasta","status":"publish","type":"product","link":"https:\/\/kindalbaniastore.com\/index.php\/product\/pjate-druri-per-pica-ose-antipasta\/","title":{"rendered":"Pjate druri per pica ose antipasta"},"content":{"rendered":"<p>Pllaka \u00ebsht\u00eb b\u00ebr\u00eb nga materiali bambu ose druri miq\u00ebsor ndaj mjedisit.<\/p>\n<p>Tabela jon\u00eb e prerjes s\u00eb pic\u00ebs \u00ebsht\u00eb prej druri bambuje, nj\u00eb material i q\u00ebndruesh\u00ebm dhe i fort\u00eb q\u00eb do t\u00eb kaloj\u00eb prov\u00ebn e koh\u00ebs. Thika e prerjes s\u00eb pic\u00ebs ka nj\u00eb teh \u00e7eliku t\u00eb r\u00ebnd\u00eb me nj\u00eb dorez\u00eb druri ergonomike q\u00eb siguron nj\u00eb kapje t\u00eb rehatshme.<\/p>\n<p>Dhurata p\u00ebr ngrohjen e sht\u00ebpis\u00eb: Si nj\u00eb dhurat\u00eb e menduar mir\u00eb p\u00ebr ngrohjen e sht\u00ebpis\u00eb p\u00ebr familjen dhe miqt\u00eb tuaj.<\/p>\n<p>Surprizoni t\u00eb dashurit tuaj me nj\u00eb set praktik p\u00ebr prerje picash q\u00eb e b\u00ebn gatimin shum\u00eb m\u00eb t\u00eb leht\u00eb dhe m\u00eb arg\u00ebtues.<\/p>\n","protected":false},"excerpt":{"rendered":"<p>Pllaka \u00ebsht\u00eb b\u00ebr\u00eb nga materiali bambu ose druri miq\u00ebsor ndaj mjedisit. Tabela jon\u00eb e prerjes s\u00eb pic\u00ebs \u00ebsht\u00eb prej druri bambuje, nj\u00eb material i q\u00ebndruesh\u00ebm dhe i fort\u00eb q\u00eb do t\u00eb kaloj\u00eb prov\u00ebn e koh\u00ebs. Thika e prerjes s\u00eb pic\u00ebs ka nj\u00eb teh \u00e7eliku t\u00eb r\u00ebnd\u00eb me nj\u00eb dorez\u00eb druri ergonomike q\u00eb siguron nj\u00eb kapje &hellip; <a href=\"https:\/\/kindalbaniastore.com\/index.php\/product\/pjate-druri-per-pica-ose-antipasta\/\" class=\"more-link\">Continue reading <span class=\"screen-reader-text\">Pjate druri per pica ose antipasta<\/span><\/a><\/p>\n","protected":false},"featured_media":9374,"comment_status":"open","ping_status":"closed","template":"","meta":{"_joinchat":[]},"product_cat":[225,66],"product_tag":[],"class_list":["post-9373","product","type-product","status-publish","has-post-thumbnail","hentry","product_cat-ene-kuzhine","product_cat-produkte-per-shtepi"],"_links":{"self":[{"href":"https:\/\/kindalbaniastore.com\/index.php\/wp-json\/wp\/v2\/product\/9373","targetHints":{"allow":["GET"]}}],"collection":[{"href":"https:\/\/kindalbaniastore.com\/index.php\/wp-json\/wp\/v2\/product"}],"about":[{"href":"https:\/\/kindalbaniastore.com\/index.php\/wp-json\/wp\/v2\/types\/product"}],"replies":[{"embeddable":true,"href":"https:\/\/kindalbaniastore.com\/index.php\/wp-json\/wp\/v2\/comments?post=9373"}],"version-history":[{"count":1,"href":"https:\/\/kindalbaniastore.com\/index.php\/wp-json\/wp\/v2\/product\/9373\/revisions"}],"predecessor-version":[{"id":9380,"href":"https:\/\/kindalbaniastore.com\/index.php\/wp-json\/wp\/v2\/product\/9373\/revisions\/9380"}],"wp:featuredmedia":[{"embeddable":true,"href":"https:\/\/kindalbaniastore.com\/index.php\/wp-json\/wp\/v2\/media\/9374"}],"wp:attachment":[{"href":"https:\/\/kindalbaniastore.com\/index.php\/wp-json\/wp\/v2\/media?parent=9373"}],"wp:term":[{"taxonomy":"product_cat","embeddable":true,"href":"https:\/\/kindalbaniastore.com\/index.php\/wp-json\/wp\/v2\/product_cat?post=9373"},{"taxonomy":"product_tag","embeddable":true,"href":"https:\/\/kindalbaniastore.com\/index.php\/wp-json\/wp\/v2\/product_tag?post=9373"}],"curies":[{"name":"wp","href":"https:\/\/api.w.org\/{rel}","templated":true}]}}