{"id":9515,"date":"2025-05-23T15:04:50","date_gmt":"2025-05-23T15:04:50","guid":{"rendered":"https:\/\/kindalbaniastore.com\/?post_type=product&#038;p=9515"},"modified":"2025-05-23T15:05:49","modified_gmt":"2025-05-23T15:05:49","slug":"kapele-plazhi","status":"publish","type":"product","link":"https:\/\/kindalbaniastore.com\/index.php\/product\/kapele-plazhi\/","title":{"rendered":"Kapele plazhi"},"content":{"rendered":"<p>Kapele elegante plazhi prej kashte, e punuar me dor\u00eb nga materiale natyrale, e leht\u00eb dhe ajros\u00ebse. Me nj\u00eb streh\u00eb t\u00eb gjer\u00eb q\u00eb ofron mbrojtje ideale nga dielli, kjo kapele \u00ebsht\u00eb zgjedhja perfekte p\u00ebr dit\u00ebt e nxehta buz\u00eb detit. Stili klasik i saj i p\u00ebrshtatet \u00e7do veshje verore, duke i shtuar nj\u00eb prekje natyrale dhe t\u00eb rafinuar pamjes suaj.&#8221;<\/p>\n","protected":false},"excerpt":{"rendered":"<p>Kapele elegante plazhi prej kashte, e punuar me dor\u00eb nga materiale natyrale, e leht\u00eb dhe ajros\u00ebse. Me nj\u00eb streh\u00eb t\u00eb gjer\u00eb q\u00eb ofron mbrojtje ideale nga dielli, kjo kapele \u00ebsht\u00eb zgjedhja perfekte p\u00ebr dit\u00ebt e nxehta buz\u00eb detit. Stili klasik i saj i p\u00ebrshtatet \u00e7do veshje verore, duke i shtuar nj\u00eb prekje natyrale dhe t\u00eb &hellip; <a href=\"https:\/\/kindalbaniastore.com\/index.php\/product\/kapele-plazhi\/\" class=\"more-link\">Continue reading <span class=\"screen-reader-text\">Kapele plazhi<\/span><\/a><\/p>\n","protected":false},"featured_media":9516,"comment_status":"open","ping_status":"closed","template":"","meta":{"_joinchat":[]},"product_cat":[64],"product_tag":[],"class_list":["post-9515","product","type-product","status-publish","has-post-thumbnail","hentry","product_cat-veshje"],"_links":{"self":[{"href":"https:\/\/kindalbaniastore.com\/index.php\/wp-json\/wp\/v2\/product\/9515","targetHints":{"allow":["GET"]}}],"collection":[{"href":"https:\/\/kindalbaniastore.com\/index.php\/wp-json\/wp\/v2\/product"}],"about":[{"href":"https:\/\/kindalbaniastore.com\/index.php\/wp-json\/wp\/v2\/types\/product"}],"replies":[{"embeddable":true,"href":"https:\/\/kindalbaniastore.com\/index.php\/wp-json\/wp\/v2\/comments?post=9515"}],"version-history":[{"count":1,"href":"https:\/\/kindalbaniastore.com\/index.php\/wp-json\/wp\/v2\/product\/9515\/revisions"}],"predecessor-version":[{"id":9519,"href":"https:\/\/kindalbaniastore.com\/index.php\/wp-json\/wp\/v2\/product\/9515\/revisions\/9519"}],"wp:featuredmedia":[{"embeddable":true,"href":"https:\/\/kindalbaniastore.com\/index.php\/wp-json\/wp\/v2\/media\/9516"}],"wp:attachment":[{"href":"https:\/\/kindalbaniastore.com\/index.php\/wp-json\/wp\/v2\/media?parent=9515"}],"wp:term":[{"taxonomy":"product_cat","embeddable":true,"href":"https:\/\/kindalbaniastore.com\/index.php\/wp-json\/wp\/v2\/product_cat?post=9515"},{"taxonomy":"product_tag","embeddable":true,"href":"https:\/\/kindalbaniastore.com\/index.php\/wp-json\/wp\/v2\/product_tag?post=9515"}],"curies":[{"name":"wp","href":"https:\/\/api.w.org\/{rel}","templated":true}]}}