{"id":9561,"date":"2025-07-09T16:00:28","date_gmt":"2025-07-09T16:00:28","guid":{"rendered":"https:\/\/kindalbaniastore.com\/?post_type=product&#038;p=9561"},"modified":"2025-07-09T16:00:43","modified_gmt":"2025-07-09T16:00:43","slug":"krem-skala-per-floke-kacurela","status":"publish","type":"product","link":"https:\/\/kindalbaniastore.com\/index.php\/product\/krem-skala-per-floke-kacurela\/","title":{"rendered":"Krem skala per floke kacurela"},"content":{"rendered":"<p>\u2728 Zbulo bukurin\u00eb natyrale t\u00eb ka\u00e7ureleve me kremin Skala! I pasur me p\u00ebrb\u00ebr\u00ebs ushqyes, ky krem i jep flok\u00ebve hidratim t\u00eb thell\u00eb, form\u00eb perfekte dhe shk\u00eblqim natyral \u2013 pa i r\u00ebnduar! Ideal p\u00ebr \u00e7do lloj ka\u00e7urrelash, nga val\u00eb t\u00eb buta tek spiralet e dendura. \ud83d\udc81\u200d\u2640\ufe0f\ud83c\udf3f<\/p>\n<p>\ud83e\uddf4 Pa sulfate \u2022 Pa parabene \u2022 100% vegan<\/p>\n","protected":false},"excerpt":{"rendered":"<p>\u2728 Zbulo bukurin\u00eb natyrale t\u00eb ka\u00e7ureleve me kremin Skala! I pasur me p\u00ebrb\u00ebr\u00ebs ushqyes, ky krem i jep flok\u00ebve hidratim t\u00eb thell\u00eb, form\u00eb perfekte dhe shk\u00eblqim natyral \u2013 pa i r\u00ebnduar! Ideal p\u00ebr \u00e7do lloj ka\u00e7urrelash, nga val\u00eb t\u00eb buta tek spiralet e dendura. \ud83d\udc81\u200d\u2640\ufe0f\ud83c\udf3f \ud83e\uddf4 Pa sulfate \u2022 Pa parabene \u2022 100% vegan<\/p>\n","protected":false},"featured_media":9572,"comment_status":"open","ping_status":"closed","template":"","meta":{"_joinchat":[]},"product_cat":[62,59,70],"product_tag":[],"class_list":["post-9561","product","type-product","status-publish","has-post-thumbnail","hentry","product_cat-estetik","product_cat-kozmetik","product_cat-produkte-per-floket"],"_links":{"self":[{"href":"https:\/\/kindalbaniastore.com\/index.php\/wp-json\/wp\/v2\/product\/9561","targetHints":{"allow":["GET"]}}],"collection":[{"href":"https:\/\/kindalbaniastore.com\/index.php\/wp-json\/wp\/v2\/product"}],"about":[{"href":"https:\/\/kindalbaniastore.com\/index.php\/wp-json\/wp\/v2\/types\/product"}],"replies":[{"embeddable":true,"href":"https:\/\/kindalbaniastore.com\/index.php\/wp-json\/wp\/v2\/comments?post=9561"}],"version-history":[{"count":1,"href":"https:\/\/kindalbaniastore.com\/index.php\/wp-json\/wp\/v2\/product\/9561\/revisions"}],"predecessor-version":[{"id":9573,"href":"https:\/\/kindalbaniastore.com\/index.php\/wp-json\/wp\/v2\/product\/9561\/revisions\/9573"}],"wp:featuredmedia":[{"embeddable":true,"href":"https:\/\/kindalbaniastore.com\/index.php\/wp-json\/wp\/v2\/media\/9572"}],"wp:attachment":[{"href":"https:\/\/kindalbaniastore.com\/index.php\/wp-json\/wp\/v2\/media?parent=9561"}],"wp:term":[{"taxonomy":"product_cat","embeddable":true,"href":"https:\/\/kindalbaniastore.com\/index.php\/wp-json\/wp\/v2\/product_cat?post=9561"},{"taxonomy":"product_tag","embeddable":true,"href":"https:\/\/kindalbaniastore.com\/index.php\/wp-json\/wp\/v2\/product_tag?post=9561"}],"curies":[{"name":"wp","href":"https:\/\/api.w.org\/{rel}","templated":true}]}}