{"id":9575,"date":"2025-07-09T16:07:50","date_gmt":"2025-07-09T16:07:50","guid":{"rendered":"https:\/\/kindalbaniastore.com\/?post_type=product&#038;p=9575"},"modified":"2025-07-09T16:10:13","modified_gmt":"2025-07-09T16:10:13","slug":"serum-mielle-per-floket","status":"publish","type":"product","link":"https:\/\/kindalbaniastore.com\/index.php\/product\/serum-mielle-per-floket\/","title":{"rendered":"Serum mielle per floket"},"content":{"rendered":"<p>\ud83c\udf3f Mielle Hair Serum \u2013 fuqi natyrale p\u00ebr flok\u00eb t\u00eb sh\u00ebndetsh\u00ebm dhe t\u00eb gjat\u00eb! \u2728 I pasur me vajra esencial\u00eb si rozmarina dhe mente, ky serum stimulon rritjen e flok\u00ebve, forcon rr\u00ebnj\u00ebt dhe i jep flok\u00ebve shk\u00eblqim t\u00eb gjall\u00eb. Ideale p\u00ebr kujdesin e p\u00ebrditsh\u00ebm dhe trajtimin e rr\u00ebnj\u00ebve \ud83c\udf31\ud83d\udc86\u200d\u2640\ufe0f<\/p>\n","protected":false},"excerpt":{"rendered":"<p>\ud83c\udf3f Mielle Hair Serum \u2013 fuqi natyrale p\u00ebr flok\u00eb t\u00eb sh\u00ebndetsh\u00ebm dhe t\u00eb gjat\u00eb! \u2728 I pasur me vajra esencial\u00eb si rozmarina dhe mente, ky serum stimulon rritjen e flok\u00ebve, forcon rr\u00ebnj\u00ebt dhe i jep flok\u00ebve shk\u00eblqim t\u00eb gjall\u00eb. Ideale p\u00ebr kujdesin e p\u00ebrditsh\u00ebm dhe trajtimin e rr\u00ebnj\u00ebve \ud83c\udf31\ud83d\udc86\u200d\u2640\ufe0f<\/p>\n","protected":false},"featured_media":9582,"comment_status":"open","ping_status":"closed","template":"","meta":{"_joinchat":[]},"product_cat":[62,59,70],"product_tag":[],"class_list":["post-9575","product","type-product","status-publish","has-post-thumbnail","hentry","product_cat-estetik","product_cat-kozmetik","product_cat-produkte-per-floket"],"_links":{"self":[{"href":"https:\/\/kindalbaniastore.com\/index.php\/wp-json\/wp\/v2\/product\/9575","targetHints":{"allow":["GET"]}}],"collection":[{"href":"https:\/\/kindalbaniastore.com\/index.php\/wp-json\/wp\/v2\/product"}],"about":[{"href":"https:\/\/kindalbaniastore.com\/index.php\/wp-json\/wp\/v2\/types\/product"}],"replies":[{"embeddable":true,"href":"https:\/\/kindalbaniastore.com\/index.php\/wp-json\/wp\/v2\/comments?post=9575"}],"version-history":[{"count":1,"href":"https:\/\/kindalbaniastore.com\/index.php\/wp-json\/wp\/v2\/product\/9575\/revisions"}],"predecessor-version":[{"id":9581,"href":"https:\/\/kindalbaniastore.com\/index.php\/wp-json\/wp\/v2\/product\/9575\/revisions\/9581"}],"wp:featuredmedia":[{"embeddable":true,"href":"https:\/\/kindalbaniastore.com\/index.php\/wp-json\/wp\/v2\/media\/9582"}],"wp:attachment":[{"href":"https:\/\/kindalbaniastore.com\/index.php\/wp-json\/wp\/v2\/media?parent=9575"}],"wp:term":[{"taxonomy":"product_cat","embeddable":true,"href":"https:\/\/kindalbaniastore.com\/index.php\/wp-json\/wp\/v2\/product_cat?post=9575"},{"taxonomy":"product_tag","embeddable":true,"href":"https:\/\/kindalbaniastore.com\/index.php\/wp-json\/wp\/v2\/product_tag?post=9575"}],"curies":[{"name":"wp","href":"https:\/\/api.w.org\/{rel}","templated":true}]}}