{"id":9585,"date":"2025-07-09T16:47:13","date_gmt":"2025-07-09T16:47:13","guid":{"rendered":"https:\/\/kindalbaniastore.com\/?post_type=product&#038;p=9585"},"modified":"2025-07-09T16:47:20","modified_gmt":"2025-07-09T16:47:20","slug":"maske-karsell-per-floket","status":"publish","type":"product","link":"https:\/\/kindalbaniastore.com\/index.php\/product\/maske-karsell-per-floket\/","title":{"rendered":"Maske karsell per floket"},"content":{"rendered":"<p>\ud83d\udc86\u200d\u2640\ufe0f Jepu flok\u00ebve t\u00eb tu nj\u00eb trajtim t\u00eb thell\u00eb me mask\u00ebn rikuperuese Karsell! E pasur me proteina, vitamin\u00eb B5 dhe vajra ushqyes, kjo mask\u00eb forcon rr\u00ebnj\u00ebt, rikthen shk\u00eblqimin dhe ndihmon n\u00eb riparimin e d\u00ebmtimeve nga nxeht\u00ebsia apo ngjyrosja. E p\u00ebrkryer p\u00ebr flok\u00eb t\u00eb that\u00eb, t\u00eb d\u00ebmtuar apo t\u00eb trajtuar kimikisht! \ud83c\udf3f\ud83d\udcaa<\/p>\n<p>\ud83e\uddf4 Formul\u00eb profesionale \u2022 Pa sulfate \u2022 Rezultate t\u00eb dukshme q\u00eb nga p\u00ebrdorimi i par\u00eb<\/p>\n","protected":false},"excerpt":{"rendered":"<p>\ud83d\udc86\u200d\u2640\ufe0f Jepu flok\u00ebve t\u00eb tu nj\u00eb trajtim t\u00eb thell\u00eb me mask\u00ebn rikuperuese Karsell! E pasur me proteina, vitamin\u00eb B5 dhe vajra ushqyes, kjo mask\u00eb forcon rr\u00ebnj\u00ebt, rikthen shk\u00eblqimin dhe ndihmon n\u00eb riparimin e d\u00ebmtimeve nga nxeht\u00ebsia apo ngjyrosja. E p\u00ebrkryer p\u00ebr flok\u00eb t\u00eb that\u00eb, t\u00eb d\u00ebmtuar apo t\u00eb trajtuar kimikisht! \ud83c\udf3f\ud83d\udcaa \ud83e\uddf4 Formul\u00eb profesionale \u2022 &hellip; <a href=\"https:\/\/kindalbaniastore.com\/index.php\/product\/maske-karsell-per-floket\/\" class=\"more-link\">Continue reading <span class=\"screen-reader-text\">Maske karsell per floket<\/span><\/a><\/p>\n","protected":false},"featured_media":9587,"comment_status":"open","ping_status":"closed","template":"","meta":{"_joinchat":[]},"product_cat":[62,59,70],"product_tag":[],"class_list":["post-9585","product","type-product","status-publish","has-post-thumbnail","hentry","product_cat-estetik","product_cat-kozmetik","product_cat-produkte-per-floket"],"_links":{"self":[{"href":"https:\/\/kindalbaniastore.com\/index.php\/wp-json\/wp\/v2\/product\/9585","targetHints":{"allow":["GET"]}}],"collection":[{"href":"https:\/\/kindalbaniastore.com\/index.php\/wp-json\/wp\/v2\/product"}],"about":[{"href":"https:\/\/kindalbaniastore.com\/index.php\/wp-json\/wp\/v2\/types\/product"}],"replies":[{"embeddable":true,"href":"https:\/\/kindalbaniastore.com\/index.php\/wp-json\/wp\/v2\/comments?post=9585"}],"version-history":[{"count":1,"href":"https:\/\/kindalbaniastore.com\/index.php\/wp-json\/wp\/v2\/product\/9585\/revisions"}],"predecessor-version":[{"id":9588,"href":"https:\/\/kindalbaniastore.com\/index.php\/wp-json\/wp\/v2\/product\/9585\/revisions\/9588"}],"wp:featuredmedia":[{"embeddable":true,"href":"https:\/\/kindalbaniastore.com\/index.php\/wp-json\/wp\/v2\/media\/9587"}],"wp:attachment":[{"href":"https:\/\/kindalbaniastore.com\/index.php\/wp-json\/wp\/v2\/media?parent=9585"}],"wp:term":[{"taxonomy":"product_cat","embeddable":true,"href":"https:\/\/kindalbaniastore.com\/index.php\/wp-json\/wp\/v2\/product_cat?post=9585"},{"taxonomy":"product_tag","embeddable":true,"href":"https:\/\/kindalbaniastore.com\/index.php\/wp-json\/wp\/v2\/product_tag?post=9585"}],"curies":[{"name":"wp","href":"https:\/\/api.w.org\/{rel}","templated":true}]}}