{"id":9612,"date":"2026-01-13T15:57:10","date_gmt":"2026-01-13T15:57:10","guid":{"rendered":"https:\/\/kindalbaniastore.com\/?post_type=product&#038;p=9612"},"modified":"2026-01-13T15:57:41","modified_gmt":"2026-01-13T15:57:41","slug":"krem-per-strijat-gjate-dhe-pas-shtatzanise","status":"publish","type":"product","link":"https:\/\/kindalbaniastore.com\/index.php\/product\/krem-per-strijat-gjate-dhe-pas-shtatzanise\/","title":{"rendered":"Krem per strijat gjate dhe pas shtatzanise"},"content":{"rendered":"<p>Krem per kurimin e strijave ne  shtatz\u00ebni \u2013 Kujdes i but\u00eb dhe efektiv p\u00ebr l\u00ebkur\u00ebn q\u00eb ndryshon<\/p>\n<p>Ky krem \u00ebsht\u00eb formuluar posa\u00e7\u00ebrisht p\u00ebr t\u00eb parandaluar dhe zbutur strijat q\u00eb shfaqen gjat\u00eb shtatz\u00ebnis\u00eb. I pasur me p\u00ebrb\u00ebr\u00ebs natyral\u00eb si vaj i bajames s\u00eb \u00ebmb\u00ebl, gjalp\u00eb shea, vitamina E dhe kolagjen, ai ushqen n\u00eb thell\u00ebsi, rrit elasticitetin e l\u00ebkur\u00ebs dhe ndihmon n\u00eb rigjenerimin e saj.<\/p>\n<p>I p\u00ebrshtatsh\u00ebm p\u00ebr:<\/p>\n<p>Barkun, kofsh\u00ebt, gjoksin dhe vithet<\/p>\n<p>P\u00ebrdorim t\u00eb p\u00ebrditsh\u00ebm nga muaji i par\u00eb i shtatz\u00ebnis\u00eb deri pas lindjes<\/p>\n<p>Pa paraben, pa arom\u00eb t\u00eb r\u00ebnd\u00eb, hipoalergjik.<\/p>\n<p>Rezultati: L\u00ebkur\u00eb m\u00eb elastike, m\u00eb e but\u00eb dhe m\u00eb e mbrojtur nga shenjat e zgjatjes.<\/p>\n","protected":false},"excerpt":{"rendered":"<p>Krem per kurimin e strijave ne shtatz\u00ebni \u2013 Kujdes i but\u00eb dhe efektiv p\u00ebr l\u00ebkur\u00ebn q\u00eb ndryshon Ky krem \u00ebsht\u00eb formuluar posa\u00e7\u00ebrisht p\u00ebr t\u00eb parandaluar dhe zbutur strijat q\u00eb shfaqen gjat\u00eb shtatz\u00ebnis\u00eb. I pasur me p\u00ebrb\u00ebr\u00ebs natyral\u00eb si vaj i bajames s\u00eb \u00ebmb\u00ebl, gjalp\u00eb shea, vitamina E dhe kolagjen, ai ushqen n\u00eb thell\u00ebsi, rrit elasticitetin &hellip; <a href=\"https:\/\/kindalbaniastore.com\/index.php\/product\/krem-per-strijat-gjate-dhe-pas-shtatzanise\/\" class=\"more-link\">Continue reading <span class=\"screen-reader-text\">Krem per strijat gjate dhe pas shtatzanise<\/span><\/a><\/p>\n","protected":false},"featured_media":9614,"comment_status":"open","ping_status":"closed","template":"","meta":{"_joinchat":[]},"product_cat":[62,224,59,60,71],"product_tag":[],"class_list":["post-9612","product","type-product","status-publish","has-post-thumbnail","hentry","product_cat-estetik","product_cat-farmaceutik","product_cat-kozmetik","product_cat-masazh","product_cat-produkte-per-fytyren-dhe-trupin"],"_links":{"self":[{"href":"https:\/\/kindalbaniastore.com\/index.php\/wp-json\/wp\/v2\/product\/9612","targetHints":{"allow":["GET"]}}],"collection":[{"href":"https:\/\/kindalbaniastore.com\/index.php\/wp-json\/wp\/v2\/product"}],"about":[{"href":"https:\/\/kindalbaniastore.com\/index.php\/wp-json\/wp\/v2\/types\/product"}],"replies":[{"embeddable":true,"href":"https:\/\/kindalbaniastore.com\/index.php\/wp-json\/wp\/v2\/comments?post=9612"}],"version-history":[{"count":1,"href":"https:\/\/kindalbaniastore.com\/index.php\/wp-json\/wp\/v2\/product\/9612\/revisions"}],"predecessor-version":[{"id":9615,"href":"https:\/\/kindalbaniastore.com\/index.php\/wp-json\/wp\/v2\/product\/9612\/revisions\/9615"}],"wp:featuredmedia":[{"embeddable":true,"href":"https:\/\/kindalbaniastore.com\/index.php\/wp-json\/wp\/v2\/media\/9614"}],"wp:attachment":[{"href":"https:\/\/kindalbaniastore.com\/index.php\/wp-json\/wp\/v2\/media?parent=9612"}],"wp:term":[{"taxonomy":"product_cat","embeddable":true,"href":"https:\/\/kindalbaniastore.com\/index.php\/wp-json\/wp\/v2\/product_cat?post=9612"},{"taxonomy":"product_tag","embeddable":true,"href":"https:\/\/kindalbaniastore.com\/index.php\/wp-json\/wp\/v2\/product_tag?post=9612"}],"curies":[{"name":"wp","href":"https:\/\/api.w.org\/{rel}","templated":true}]}}