{"id":9616,"date":"2026-01-13T16:02:56","date_gmt":"2026-01-13T16:02:56","guid":{"rendered":"https:\/\/kindalbaniastore.com\/?post_type=product&#038;p=9616"},"modified":"2026-01-13T16:04:41","modified_gmt":"2026-01-13T16:04:41","slug":"krem-per-tonifikimin-e-vitheve","status":"publish","type":"product","link":"https:\/\/kindalbaniastore.com\/index.php\/product\/krem-per-tonifikimin-e-vitheve\/","title":{"rendered":"Krem per tonifikimin e vitheve"},"content":{"rendered":"<p>Krem p\u00ebr tonifikimin e vitheve \u2728<br \/>\nKrem kozmetik q\u00eb ndihmon n\u00eb p\u00ebrmir\u00ebsimin e elasticitetit dhe pamjes s\u00eb l\u00ebkur\u00ebs n\u00eb zon\u00ebn e vitheve. Me p\u00ebrdorim t\u00eb rregullt dhe masazh, l\u00ebkura ndjehet m\u00eb e fort\u00eb, e l\u00ebmuar dhe e hidratuar.<\/p>\n","protected":false},"excerpt":{"rendered":"<p>Krem p\u00ebr tonifikimin e vitheve \u2728 Krem kozmetik q\u00eb ndihmon n\u00eb p\u00ebrmir\u00ebsimin e elasticitetit dhe pamjes s\u00eb l\u00ebkur\u00ebs n\u00eb zon\u00ebn e vitheve. Me p\u00ebrdorim t\u00eb rregullt dhe masazh, l\u00ebkura ndjehet m\u00eb e fort\u00eb, e l\u00ebmuar dhe e hidratuar.<\/p>\n","protected":false},"featured_media":9620,"comment_status":"open","ping_status":"closed","template":"","meta":{"_joinchat":[]},"product_cat":[62,224,221,61,59,60,71],"product_tag":[],"class_list":["post-9616","product","type-product","status-publish","has-post-thumbnail","hentry","product_cat-estetik","product_cat-farmaceutik","product_cat-fitnes","product_cat-fizioterapi","product_cat-kozmetik","product_cat-masazh","product_cat-produkte-per-fytyren-dhe-trupin"],"_links":{"self":[{"href":"https:\/\/kindalbaniastore.com\/index.php\/wp-json\/wp\/v2\/product\/9616","targetHints":{"allow":["GET"]}}],"collection":[{"href":"https:\/\/kindalbaniastore.com\/index.php\/wp-json\/wp\/v2\/product"}],"about":[{"href":"https:\/\/kindalbaniastore.com\/index.php\/wp-json\/wp\/v2\/types\/product"}],"replies":[{"embeddable":true,"href":"https:\/\/kindalbaniastore.com\/index.php\/wp-json\/wp\/v2\/comments?post=9616"}],"version-history":[{"count":1,"href":"https:\/\/kindalbaniastore.com\/index.php\/wp-json\/wp\/v2\/product\/9616\/revisions"}],"predecessor-version":[{"id":9619,"href":"https:\/\/kindalbaniastore.com\/index.php\/wp-json\/wp\/v2\/product\/9616\/revisions\/9619"}],"wp:featuredmedia":[{"embeddable":true,"href":"https:\/\/kindalbaniastore.com\/index.php\/wp-json\/wp\/v2\/media\/9620"}],"wp:attachment":[{"href":"https:\/\/kindalbaniastore.com\/index.php\/wp-json\/wp\/v2\/media?parent=9616"}],"wp:term":[{"taxonomy":"product_cat","embeddable":true,"href":"https:\/\/kindalbaniastore.com\/index.php\/wp-json\/wp\/v2\/product_cat?post=9616"},{"taxonomy":"product_tag","embeddable":true,"href":"https:\/\/kindalbaniastore.com\/index.php\/wp-json\/wp\/v2\/product_tag?post=9616"}],"curies":[{"name":"wp","href":"https:\/\/api.w.org\/{rel}","templated":true}]}}