{"id":9621,"date":"2026-01-13T16:06:41","date_gmt":"2026-01-13T16:06:41","guid":{"rendered":"https:\/\/kindalbaniastore.com\/?post_type=product&#038;p=9621"},"modified":"2026-01-13T16:06:49","modified_gmt":"2026-01-13T16:06:49","slug":"krem-per-tonifikimin-e-gjoksit","status":"publish","type":"product","link":"https:\/\/kindalbaniastore.com\/index.php\/product\/krem-per-tonifikimin-e-gjoksit\/","title":{"rendered":"Krem per tonifikimin e gjoksit"},"content":{"rendered":"<p>Krem p\u00ebr tonifikimin e gjoksit \u2728<br \/>\nI formuluar p\u00ebr t\u00eb ndihmuar n\u00eb p\u00ebrmir\u00ebsimin e elasticitetit dhe q\u00ebndrueshm\u00ebris\u00eb s\u00eb l\u00ebkur\u00ebs n\u00eb zon\u00ebn e gjoksit. Me p\u00ebrdorim t\u00eb rregullt dhe masazh t\u00eb but\u00eb, l\u00ebkura duket m\u00eb e l\u00ebmuar, e hidratuar dhe m\u00eb e tonifikuar.<\/p>\n","protected":false},"excerpt":{"rendered":"<p>Krem p\u00ebr tonifikimin e gjoksit \u2728 I formuluar p\u00ebr t\u00eb ndihmuar n\u00eb p\u00ebrmir\u00ebsimin e elasticitetit dhe q\u00ebndrueshm\u00ebris\u00eb s\u00eb l\u00ebkur\u00ebs n\u00eb zon\u00ebn e gjoksit. Me p\u00ebrdorim t\u00eb rregullt dhe masazh t\u00eb but\u00eb, l\u00ebkura duket m\u00eb e l\u00ebmuar, e hidratuar dhe m\u00eb e tonifikuar.<\/p>\n","protected":false},"featured_media":9622,"comment_status":"open","ping_status":"closed","template":"","meta":{"_joinchat":[]},"product_cat":[62,224,221,61,59,60,71],"product_tag":[],"class_list":["post-9621","product","type-product","status-publish","has-post-thumbnail","hentry","product_cat-estetik","product_cat-farmaceutik","product_cat-fitnes","product_cat-fizioterapi","product_cat-kozmetik","product_cat-masazh","product_cat-produkte-per-fytyren-dhe-trupin"],"_links":{"self":[{"href":"https:\/\/kindalbaniastore.com\/index.php\/wp-json\/wp\/v2\/product\/9621","targetHints":{"allow":["GET"]}}],"collection":[{"href":"https:\/\/kindalbaniastore.com\/index.php\/wp-json\/wp\/v2\/product"}],"about":[{"href":"https:\/\/kindalbaniastore.com\/index.php\/wp-json\/wp\/v2\/types\/product"}],"replies":[{"embeddable":true,"href":"https:\/\/kindalbaniastore.com\/index.php\/wp-json\/wp\/v2\/comments?post=9621"}],"version-history":[{"count":1,"href":"https:\/\/kindalbaniastore.com\/index.php\/wp-json\/wp\/v2\/product\/9621\/revisions"}],"predecessor-version":[{"id":9623,"href":"https:\/\/kindalbaniastore.com\/index.php\/wp-json\/wp\/v2\/product\/9621\/revisions\/9623"}],"wp:featuredmedia":[{"embeddable":true,"href":"https:\/\/kindalbaniastore.com\/index.php\/wp-json\/wp\/v2\/media\/9622"}],"wp:attachment":[{"href":"https:\/\/kindalbaniastore.com\/index.php\/wp-json\/wp\/v2\/media?parent=9621"}],"wp:term":[{"taxonomy":"product_cat","embeddable":true,"href":"https:\/\/kindalbaniastore.com\/index.php\/wp-json\/wp\/v2\/product_cat?post=9621"},{"taxonomy":"product_tag","embeddable":true,"href":"https:\/\/kindalbaniastore.com\/index.php\/wp-json\/wp\/v2\/product_tag?post=9621"}],"curies":[{"name":"wp","href":"https:\/\/api.w.org\/{rel}","templated":true}]}}