{"id":9624,"date":"2026-01-13T16:18:29","date_gmt":"2026-01-13T16:18:29","guid":{"rendered":"https:\/\/kindalbaniastore.com\/?post_type=product&#038;p=9624"},"modified":"2026-01-13T16:18:43","modified_gmt":"2026-01-13T16:18:43","slug":"krem-per-shkrirjen-e-dhjamit-rreth-belit","status":"publish","type":"product","link":"https:\/\/kindalbaniastore.com\/index.php\/product\/krem-per-shkrirjen-e-dhjamit-rreth-belit\/","title":{"rendered":"Krem per shkrirjen e dhjamit rreth belit"},"content":{"rendered":"<p>Krem p\u00ebr zon\u00ebn e belit \u2728<br \/>\nKrem kozmetik i formuluar p\u00ebr kujdesin e l\u00ebkur\u00ebs rreth belit, q\u00eb ndihmon n\u00eb ngrohje lokale, p\u00ebrmir\u00ebsim t\u00eb elasticitetit dhe ndjesi m\u00eb t\u00eb tonifikuar t\u00eb l\u00ebkur\u00ebs. P\u00ebrdoret si pjes\u00eb e rutin\u00ebs s\u00eb kujdesit trupor, s\u00eb bashku me masazh dhe stil jetese t\u00eb sh\u00ebndetsh\u00ebm.<br \/>\nRezultatet ndryshojn\u00eb nga personi n\u00eb person dhe nuk z\u00ebvend\u00ebson aktivitetin fizik apo ushqimin e balancuar.<\/p>\n","protected":false},"excerpt":{"rendered":"<p>Krem p\u00ebr zon\u00ebn e belit \u2728 Krem kozmetik i formuluar p\u00ebr kujdesin e l\u00ebkur\u00ebs rreth belit, q\u00eb ndihmon n\u00eb ngrohje lokale, p\u00ebrmir\u00ebsim t\u00eb elasticitetit dhe ndjesi m\u00eb t\u00eb tonifikuar t\u00eb l\u00ebkur\u00ebs. P\u00ebrdoret si pjes\u00eb e rutin\u00ebs s\u00eb kujdesit trupor, s\u00eb bashku me masazh dhe stil jetese t\u00eb sh\u00ebndetsh\u00ebm. Rezultatet ndryshojn\u00eb nga personi n\u00eb person dhe &hellip; <a href=\"https:\/\/kindalbaniastore.com\/index.php\/product\/krem-per-shkrirjen-e-dhjamit-rreth-belit\/\" class=\"more-link\">Continue reading <span class=\"screen-reader-text\">Krem per shkrirjen e dhjamit rreth belit<\/span><\/a><\/p>\n","protected":false},"featured_media":9625,"comment_status":"open","ping_status":"closed","template":"","meta":{"_joinchat":[]},"product_cat":[62,224,221,61,59,60,71],"product_tag":[],"class_list":["post-9624","product","type-product","status-publish","has-post-thumbnail","hentry","product_cat-estetik","product_cat-farmaceutik","product_cat-fitnes","product_cat-fizioterapi","product_cat-kozmetik","product_cat-masazh","product_cat-produkte-per-fytyren-dhe-trupin"],"_links":{"self":[{"href":"https:\/\/kindalbaniastore.com\/index.php\/wp-json\/wp\/v2\/product\/9624","targetHints":{"allow":["GET"]}}],"collection":[{"href":"https:\/\/kindalbaniastore.com\/index.php\/wp-json\/wp\/v2\/product"}],"about":[{"href":"https:\/\/kindalbaniastore.com\/index.php\/wp-json\/wp\/v2\/types\/product"}],"replies":[{"embeddable":true,"href":"https:\/\/kindalbaniastore.com\/index.php\/wp-json\/wp\/v2\/comments?post=9624"}],"version-history":[{"count":1,"href":"https:\/\/kindalbaniastore.com\/index.php\/wp-json\/wp\/v2\/product\/9624\/revisions"}],"predecessor-version":[{"id":9626,"href":"https:\/\/kindalbaniastore.com\/index.php\/wp-json\/wp\/v2\/product\/9624\/revisions\/9626"}],"wp:featuredmedia":[{"embeddable":true,"href":"https:\/\/kindalbaniastore.com\/index.php\/wp-json\/wp\/v2\/media\/9625"}],"wp:attachment":[{"href":"https:\/\/kindalbaniastore.com\/index.php\/wp-json\/wp\/v2\/media?parent=9624"}],"wp:term":[{"taxonomy":"product_cat","embeddable":true,"href":"https:\/\/kindalbaniastore.com\/index.php\/wp-json\/wp\/v2\/product_cat?post=9624"},{"taxonomy":"product_tag","embeddable":true,"href":"https:\/\/kindalbaniastore.com\/index.php\/wp-json\/wp\/v2\/product_tag?post=9624"}],"curies":[{"name":"wp","href":"https:\/\/api.w.org\/{rel}","templated":true}]}}